{"id":1041,"date":"2020-03-12T11:07:47","date_gmt":"2020-03-12T10:07:47","guid":{"rendered":"https:\/\/hotelstefanie.ae-webdesign.com\/sleeping\/merancard\/"},"modified":"2021-09-09T04:52:48","modified_gmt":"2021-09-09T02:52:48","slug":"merancard","status":"publish","type":"page","link":"https:\/\/www.hotel-stefanie.com\/en\/sleeping\/merancard\/","title":{"rendered":"MeranCard"},"content":{"rendered":"","protected":false},"excerpt":{"rendered":"","protected":false},"author":1,"featured_media":0,"parent":1029,"menu_order":4,"comment_status":"closed","ping_status":"closed","template":"content.php","meta":{"_acf_changed":false,"footnotes":""},"acf":[],"yoast_head":"<!-- This site is optimized with the Yoast SEO plugin v22.6 - https:\/\/yoast.com\/wordpress\/plugins\/seo\/ -->\n<title>MeranCard - Hotel Stefanie in Dorf Tirol bei Meran in S\u00fcdtirol<\/title>\n<meta name=\"description\" content=\"Ihre Vorteile f\u00fcr einen Urlaub in Dorf Tirol bei Meran. Zahlreiche Vorteile und Leistungen ohne zus\u00e4tzliche Kosten oder Aufpreis.\" \/>\n<meta name=\"robots\" content=\"index, follow, max-snippet:-1, max-image-preview:large, max-video-preview:-1\" \/>\n<link rel=\"canonical\" href=\"https:\/\/www.hotel-stefanie.com\/en\/sleeping\/merancard\/\" \/>\n<meta property=\"og:locale\" content=\"en_US\" \/>\n<meta property=\"og:type\" content=\"article\" \/>\n<meta property=\"og:title\" content=\"MeranCard - Hotel Stefanie in Dorf Tirol bei Meran in S\u00fcdtirol\" \/>\n<meta property=\"og:description\" content=\"Ihre Vorteile f\u00fcr einen Urlaub in Dorf Tirol bei Meran. Zahlreiche Vorteile und Leistungen ohne zus\u00e4tzliche Kosten oder Aufpreis.\" \/>\n<meta property=\"og:url\" content=\"https:\/\/www.hotel-stefanie.com\/en\/sleeping\/merancard\/\" \/>\n<meta property=\"og:site_name\" content=\"Hotel Stefanie\" \/>\n<meta property=\"article:modified_time\" content=\"2021-09-09T02:52:48+00:00\" \/>\n<meta name=\"twitter:card\" content=\"summary_large_image\" \/>\n<script type=\"application\/ld+json\" class=\"yoast-schema-graph\">{\"@context\":\"https:\/\/schema.org\",\"@graph\":[{\"@type\":\"WebPage\",\"@id\":\"https:\/\/www.hotel-stefanie.com\/en\/sleeping\/merancard\/\",\"url\":\"https:\/\/www.hotel-stefanie.com\/en\/sleeping\/merancard\/\",\"name\":\"MeranCard - Hotel Stefanie in Dorf Tirol bei Meran in S\u00fcdtirol\",\"isPartOf\":{\"@id\":\"https:\/\/www.hotel-stefanie.com\/de\/#website\"},\"datePublished\":\"2020-03-12T10:07:47+00:00\",\"dateModified\":\"2021-09-09T02:52:48+00:00\",\"description\":\"Ihre Vorteile f\u00fcr einen Urlaub in Dorf Tirol bei Meran. Zahlreiche Vorteile und Leistungen ohne zus\u00e4tzliche Kosten oder Aufpreis.\",\"breadcrumb\":{\"@id\":\"https:\/\/www.hotel-stefanie.com\/en\/sleeping\/merancard\/#breadcrumb\"},\"inLanguage\":\"en-US\",\"potentialAction\":[{\"@type\":\"ReadAction\",\"target\":[\"https:\/\/www.hotel-stefanie.com\/en\/sleeping\/merancard\/\"]}]},{\"@type\":\"BreadcrumbList\",\"@id\":\"https:\/\/www.hotel-stefanie.com\/en\/sleeping\/merancard\/#breadcrumb\",\"itemListElement\":[{\"@type\":\"ListItem\",\"position\":1,\"name\":\"Home\",\"item\":\"https:\/\/www.hotel-stefanie.com\/en\/hotel-stefanie\/\"},{\"@type\":\"ListItem\",\"position\":2,\"name\":\"Sleeping\",\"item\":\"https:\/\/www.hotel-stefanie.com\/en\/sleeping\/\"},{\"@type\":\"ListItem\",\"position\":3,\"name\":\"MeranCard\"}]},{\"@type\":\"WebSite\",\"@id\":\"https:\/\/www.hotel-stefanie.com\/de\/#website\",\"url\":\"https:\/\/www.hotel-stefanie.com\/de\/\",\"name\":\"Hotel Stefanie\",\"description\":\"Hotel Stefanie\",\"potentialAction\":[{\"@type\":\"SearchAction\",\"target\":{\"@type\":\"EntryPoint\",\"urlTemplate\":\"https:\/\/www.hotel-stefanie.com\/de\/?s={search_term_string}\"},\"query-input\":\"required name=search_term_string\"}],\"inLanguage\":\"en-US\"}]}<\/script>\n<!-- \/ Yoast SEO plugin. -->","yoast_head_json":{"title":"MeranCard - Hotel Stefanie in Dorf Tirol bei Meran in S\u00fcdtirol","description":"Ihre Vorteile f\u00fcr einen Urlaub in Dorf Tirol bei Meran. Zahlreiche Vorteile und Leistungen ohne zus\u00e4tzliche Kosten oder Aufpreis.","robots":{"index":"index","follow":"follow","max-snippet":"max-snippet:-1","max-image-preview":"max-image-preview:large","max-video-preview":"max-video-preview:-1"},"canonical":"https:\/\/www.hotel-stefanie.com\/en\/sleeping\/merancard\/","og_locale":"en_US","og_type":"article","og_title":"MeranCard - Hotel Stefanie in Dorf Tirol bei Meran in S\u00fcdtirol","og_description":"Ihre Vorteile f\u00fcr einen Urlaub in Dorf Tirol bei Meran. Zahlreiche Vorteile und Leistungen ohne zus\u00e4tzliche Kosten oder Aufpreis.","og_url":"https:\/\/www.hotel-stefanie.com\/en\/sleeping\/merancard\/","og_site_name":"Hotel Stefanie","article_modified_time":"2021-09-09T02:52:48+00:00","twitter_card":"summary_large_image","schema":{"@context":"https:\/\/schema.org","@graph":[{"@type":"WebPage","@id":"https:\/\/www.hotel-stefanie.com\/en\/sleeping\/merancard\/","url":"https:\/\/www.hotel-stefanie.com\/en\/sleeping\/merancard\/","name":"MeranCard - Hotel Stefanie in Dorf Tirol bei Meran in S\u00fcdtirol","isPartOf":{"@id":"https:\/\/www.hotel-stefanie.com\/de\/#website"},"datePublished":"2020-03-12T10:07:47+00:00","dateModified":"2021-09-09T02:52:48+00:00","description":"Ihre Vorteile f\u00fcr einen Urlaub in Dorf Tirol bei Meran. Zahlreiche Vorteile und Leistungen ohne zus\u00e4tzliche Kosten oder Aufpreis.","breadcrumb":{"@id":"https:\/\/www.hotel-stefanie.com\/en\/sleeping\/merancard\/#breadcrumb"},"inLanguage":"en-US","potentialAction":[{"@type":"ReadAction","target":["https:\/\/www.hotel-stefanie.com\/en\/sleeping\/merancard\/"]}]},{"@type":"BreadcrumbList","@id":"https:\/\/www.hotel-stefanie.com\/en\/sleeping\/merancard\/#breadcrumb","itemListElement":[{"@type":"ListItem","position":1,"name":"Home","item":"https:\/\/www.hotel-stefanie.com\/en\/hotel-stefanie\/"},{"@type":"ListItem","position":2,"name":"Sleeping","item":"https:\/\/www.hotel-stefanie.com\/en\/sleeping\/"},{"@type":"ListItem","position":3,"name":"MeranCard"}]},{"@type":"WebSite","@id":"https:\/\/www.hotel-stefanie.com\/de\/#website","url":"https:\/\/www.hotel-stefanie.com\/de\/","name":"Hotel Stefanie","description":"Hotel Stefanie","potentialAction":[{"@type":"SearchAction","target":{"@type":"EntryPoint","urlTemplate":"https:\/\/www.hotel-stefanie.com\/de\/?s={search_term_string}"},"query-input":"required name=search_term_string"}],"inLanguage":"en-US"}]}},"_links":{"self":[{"href":"https:\/\/www.hotel-stefanie.com\/en\/wp-json\/wp\/v2\/pages\/1041"}],"collection":[{"href":"https:\/\/www.hotel-stefanie.com\/en\/wp-json\/wp\/v2\/pages"}],"about":[{"href":"https:\/\/www.hotel-stefanie.com\/en\/wp-json\/wp\/v2\/types\/page"}],"author":[{"embeddable":true,"href":"https:\/\/www.hotel-stefanie.com\/en\/wp-json\/wp\/v2\/users\/1"}],"replies":[{"embeddable":true,"href":"https:\/\/www.hotel-stefanie.com\/en\/wp-json\/wp\/v2\/comments?post=1041"}],"version-history":[{"count":5,"href":"https:\/\/www.hotel-stefanie.com\/en\/wp-json\/wp\/v2\/pages\/1041\/revisions"}],"predecessor-version":[{"id":2004,"href":"https:\/\/www.hotel-stefanie.com\/en\/wp-json\/wp\/v2\/pages\/1041\/revisions\/2004"}],"up":[{"embeddable":true,"href":"https:\/\/www.hotel-stefanie.com\/en\/wp-json\/wp\/v2\/pages\/1029"}],"wp:attachment":[{"href":"https:\/\/www.hotel-stefanie.com\/en\/wp-json\/wp\/v2\/media?parent=1041"}],"curies":[{"name":"wp","href":"https:\/\/api.w.org\/{rel}","templated":true}]}}