{"id":1023,"date":"2020-03-12T11:07:10","date_gmt":"2020-03-12T10:07:10","guid":{"rendered":"https:\/\/hotelstefanie.ae-webdesign.com\/unser-hotel\/"},"modified":"2020-04-16T09:21:15","modified_gmt":"2020-04-16T07:21:15","slug":"unser-hotel","status":"publish","type":"page","link":"https:\/\/www.hotel-stefanie.com\/en\/hotel\/unser-hotel\/","title":{"rendered":"Our hotel"},"content":{"rendered":"","protected":false},"excerpt":{"rendered":"","protected":false},"author":1,"featured_media":0,"parent":1031,"menu_order":0,"comment_status":"closed","ping_status":"closed","template":"landingpage.php","meta":{"_acf_changed":false,"footnotes":""},"acf":[],"yoast_head":"<!-- This site is optimized with the Yoast SEO plugin v22.6 - https:\/\/yoast.com\/wordpress\/plugins\/seo\/ -->\n<title>Hotel Stefanie | Restaurant - Tirolo - Merano - South Tyrol<\/title>\n<meta name=\"description\" content=\"F\u00fcr Wanderfreunde und Kulturliebhaber, f\u00fcr alle, die Ruhe suchen und dennoch gerne etwas erleben, f\u00fcr Zeit zu zweit und Zeit mit Freunden.\" \/>\n<meta name=\"robots\" content=\"index, follow, max-snippet:-1, max-image-preview:large, max-video-preview:-1\" \/>\n<link rel=\"canonical\" href=\"https:\/\/www.hotel-stefanie.com\/en\/hotel\/unser-hotel\/\" \/>\n<meta property=\"og:locale\" content=\"en_US\" \/>\n<meta property=\"og:type\" content=\"article\" \/>\n<meta property=\"og:title\" content=\"Hotel Stefanie | Restaurant - Tirolo - Merano - South Tyrol\" \/>\n<meta property=\"og:description\" content=\"F\u00fcr Wanderfreunde und Kulturliebhaber, f\u00fcr alle, die Ruhe suchen und dennoch gerne etwas erleben, f\u00fcr Zeit zu zweit und Zeit mit Freunden.\" \/>\n<meta property=\"og:url\" content=\"https:\/\/www.hotel-stefanie.com\/en\/hotel\/unser-hotel\/\" \/>\n<meta property=\"og:site_name\" content=\"Hotel Stefanie\" \/>\n<meta property=\"article:modified_time\" content=\"2020-04-16T07:21:15+00:00\" \/>\n<meta name=\"twitter:card\" content=\"summary_large_image\" \/>\n<script type=\"application\/ld+json\" class=\"yoast-schema-graph\">{\"@context\":\"https:\/\/schema.org\",\"@graph\":[{\"@type\":\"WebPage\",\"@id\":\"https:\/\/www.hotel-stefanie.com\/en\/hotel\/unser-hotel\/\",\"url\":\"https:\/\/www.hotel-stefanie.com\/en\/hotel\/unser-hotel\/\",\"name\":\"Hotel Stefanie | Restaurant - Tirolo - Merano - South Tyrol\",\"isPartOf\":{\"@id\":\"https:\/\/www.hotel-stefanie.com\/de\/#website\"},\"datePublished\":\"2020-03-12T10:07:10+00:00\",\"dateModified\":\"2020-04-16T07:21:15+00:00\",\"description\":\"F\u00fcr Wanderfreunde und Kulturliebhaber, f\u00fcr alle, die Ruhe suchen und dennoch gerne etwas erleben, f\u00fcr Zeit zu zweit und Zeit mit Freunden.\",\"breadcrumb\":{\"@id\":\"https:\/\/www.hotel-stefanie.com\/en\/hotel\/unser-hotel\/#breadcrumb\"},\"inLanguage\":\"en-US\",\"potentialAction\":[{\"@type\":\"ReadAction\",\"target\":[\"https:\/\/www.hotel-stefanie.com\/en\/hotel\/unser-hotel\/\"]}]},{\"@type\":\"BreadcrumbList\",\"@id\":\"https:\/\/www.hotel-stefanie.com\/en\/hotel\/unser-hotel\/#breadcrumb\",\"itemListElement\":[{\"@type\":\"ListItem\",\"position\":1,\"name\":\"Home\",\"item\":\"https:\/\/www.hotel-stefanie.com\/en\/hotel-stefanie\/\"},{\"@type\":\"ListItem\",\"position\":2,\"name\":\"Hotel\",\"item\":\"https:\/\/www.hotel-stefanie.com\/en\/hotel\/\"},{\"@type\":\"ListItem\",\"position\":3,\"name\":\"Our hotel\"}]},{\"@type\":\"WebSite\",\"@id\":\"https:\/\/www.hotel-stefanie.com\/de\/#website\",\"url\":\"https:\/\/www.hotel-stefanie.com\/de\/\",\"name\":\"Hotel Stefanie\",\"description\":\"Hotel Stefanie\",\"potentialAction\":[{\"@type\":\"SearchAction\",\"target\":{\"@type\":\"EntryPoint\",\"urlTemplate\":\"https:\/\/www.hotel-stefanie.com\/de\/?s={search_term_string}\"},\"query-input\":\"required name=search_term_string\"}],\"inLanguage\":\"en-US\"}]}<\/script>\n<!-- \/ Yoast SEO plugin. -->","yoast_head_json":{"title":"Hotel Stefanie | Restaurant - Tirolo - Merano - South Tyrol","description":"F\u00fcr Wanderfreunde und Kulturliebhaber, f\u00fcr alle, die Ruhe suchen und dennoch gerne etwas erleben, f\u00fcr Zeit zu zweit und Zeit mit Freunden.","robots":{"index":"index","follow":"follow","max-snippet":"max-snippet:-1","max-image-preview":"max-image-preview:large","max-video-preview":"max-video-preview:-1"},"canonical":"https:\/\/www.hotel-stefanie.com\/en\/hotel\/unser-hotel\/","og_locale":"en_US","og_type":"article","og_title":"Hotel Stefanie | Restaurant - Tirolo - Merano - South Tyrol","og_description":"F\u00fcr Wanderfreunde und Kulturliebhaber, f\u00fcr alle, die Ruhe suchen und dennoch gerne etwas erleben, f\u00fcr Zeit zu zweit und Zeit mit Freunden.","og_url":"https:\/\/www.hotel-stefanie.com\/en\/hotel\/unser-hotel\/","og_site_name":"Hotel Stefanie","article_modified_time":"2020-04-16T07:21:15+00:00","twitter_card":"summary_large_image","schema":{"@context":"https:\/\/schema.org","@graph":[{"@type":"WebPage","@id":"https:\/\/www.hotel-stefanie.com\/en\/hotel\/unser-hotel\/","url":"https:\/\/www.hotel-stefanie.com\/en\/hotel\/unser-hotel\/","name":"Hotel Stefanie | Restaurant - Tirolo - Merano - South Tyrol","isPartOf":{"@id":"https:\/\/www.hotel-stefanie.com\/de\/#website"},"datePublished":"2020-03-12T10:07:10+00:00","dateModified":"2020-04-16T07:21:15+00:00","description":"F\u00fcr Wanderfreunde und Kulturliebhaber, f\u00fcr alle, die Ruhe suchen und dennoch gerne etwas erleben, f\u00fcr Zeit zu zweit und Zeit mit Freunden.","breadcrumb":{"@id":"https:\/\/www.hotel-stefanie.com\/en\/hotel\/unser-hotel\/#breadcrumb"},"inLanguage":"en-US","potentialAction":[{"@type":"ReadAction","target":["https:\/\/www.hotel-stefanie.com\/en\/hotel\/unser-hotel\/"]}]},{"@type":"BreadcrumbList","@id":"https:\/\/www.hotel-stefanie.com\/en\/hotel\/unser-hotel\/#breadcrumb","itemListElement":[{"@type":"ListItem","position":1,"name":"Home","item":"https:\/\/www.hotel-stefanie.com\/en\/hotel-stefanie\/"},{"@type":"ListItem","position":2,"name":"Hotel","item":"https:\/\/www.hotel-stefanie.com\/en\/hotel\/"},{"@type":"ListItem","position":3,"name":"Our hotel"}]},{"@type":"WebSite","@id":"https:\/\/www.hotel-stefanie.com\/de\/#website","url":"https:\/\/www.hotel-stefanie.com\/de\/","name":"Hotel Stefanie","description":"Hotel Stefanie","potentialAction":[{"@type":"SearchAction","target":{"@type":"EntryPoint","urlTemplate":"https:\/\/www.hotel-stefanie.com\/de\/?s={search_term_string}"},"query-input":"required name=search_term_string"}],"inLanguage":"en-US"}]}},"_links":{"self":[{"href":"https:\/\/www.hotel-stefanie.com\/en\/wp-json\/wp\/v2\/pages\/1023"}],"collection":[{"href":"https:\/\/www.hotel-stefanie.com\/en\/wp-json\/wp\/v2\/pages"}],"about":[{"href":"https:\/\/www.hotel-stefanie.com\/en\/wp-json\/wp\/v2\/types\/page"}],"author":[{"embeddable":true,"href":"https:\/\/www.hotel-stefanie.com\/en\/wp-json\/wp\/v2\/users\/1"}],"replies":[{"embeddable":true,"href":"https:\/\/www.hotel-stefanie.com\/en\/wp-json\/wp\/v2\/comments?post=1023"}],"version-history":[{"count":2,"href":"https:\/\/www.hotel-stefanie.com\/en\/wp-json\/wp\/v2\/pages\/1023\/revisions"}],"predecessor-version":[{"id":1143,"href":"https:\/\/www.hotel-stefanie.com\/en\/wp-json\/wp\/v2\/pages\/1023\/revisions\/1143"}],"up":[{"embeddable":true,"href":"https:\/\/www.hotel-stefanie.com\/en\/wp-json\/wp\/v2\/pages\/1031"}],"wp:attachment":[{"href":"https:\/\/www.hotel-stefanie.com\/en\/wp-json\/wp\/v2\/media?parent=1023"}],"curies":[{"name":"wp","href":"https:\/\/api.w.org\/{rel}","templated":true}]}}