{"id":24,"date":"2020-03-12T11:08:37","date_gmt":"2020-03-12T10:08:37","guid":{"rendered":"http:\/\/hotelstefanie2020.test\/fruehstueck-abendessen\/"},"modified":"2022-01-27T04:43:06","modified_gmt":"2022-01-27T03:43:06","slug":"fruehstueck-abendessen","status":"publish","type":"page","link":"https:\/\/www.hotel-stefanie.com\/de\/essen\/fruehstueck-abendessen\/","title":{"rendered":"Fr\u00fchst\u00fcck &#038; Abendessen"},"content":{"rendered":"","protected":false},"excerpt":{"rendered":"","protected":false},"author":1,"featured_media":0,"parent":8,"menu_order":2,"comment_status":"closed","ping_status":"closed","template":"liste.php","meta":{"_acf_changed":false,"footnotes":""},"acf":[],"yoast_head":"<!-- This site is optimized with the Yoast SEO plugin v22.6 - https:\/\/yoast.com\/wordpress\/plugins\/seo\/ -->\n<title>Hotel in Dorf Tirol mit Halbpension - Fr\u00fchst\u00fcck &amp; Abendessen im Hotel Stefanie<\/title>\n<meta name=\"description\" content=\"Beginnen Sie jeden Tag mit einem ausgewogenen Fr\u00fchst\u00fcck im Speisesaal oder im Wintergarten. Nachmittags genie\u00dfen Sie Kaffee und hausgemachten Apfelstrudel und Topfenstrudel.\" \/>\n<meta name=\"robots\" content=\"index, follow, max-snippet:-1, max-image-preview:large, max-video-preview:-1\" \/>\n<link rel=\"canonical\" href=\"https:\/\/www.hotel-stefanie.com\/de\/essen\/fruehstueck-abendessen\/\" \/>\n<meta property=\"og:locale\" content=\"de_DE\" \/>\n<meta property=\"og:type\" content=\"article\" \/>\n<meta property=\"og:title\" content=\"Hotel in Dorf Tirol mit Halbpension - Fr\u00fchst\u00fcck &amp; Abendessen im Hotel Stefanie\" \/>\n<meta property=\"og:description\" content=\"Beginnen Sie jeden Tag mit einem ausgewogenen Fr\u00fchst\u00fcck im Speisesaal oder im Wintergarten. Nachmittags genie\u00dfen Sie Kaffee und hausgemachten Apfelstrudel und Topfenstrudel.\" \/>\n<meta property=\"og:url\" content=\"https:\/\/www.hotel-stefanie.com\/de\/essen\/fruehstueck-abendessen\/\" \/>\n<meta property=\"og:site_name\" content=\"Hotel Stefanie\" \/>\n<meta property=\"article:modified_time\" content=\"2022-01-27T03:43:06+00:00\" \/>\n<meta name=\"twitter:card\" content=\"summary_large_image\" \/>\n<script type=\"application\/ld+json\" class=\"yoast-schema-graph\">{\"@context\":\"https:\/\/schema.org\",\"@graph\":[{\"@type\":\"WebPage\",\"@id\":\"https:\/\/www.hotel-stefanie.com\/de\/essen\/fruehstueck-abendessen\/\",\"url\":\"https:\/\/www.hotel-stefanie.com\/de\/essen\/fruehstueck-abendessen\/\",\"name\":\"Hotel in Dorf Tirol mit Halbpension - Fr\u00fchst\u00fcck & Abendessen im Hotel Stefanie\",\"isPartOf\":{\"@id\":\"https:\/\/www.hotel-stefanie.com\/de\/#website\"},\"datePublished\":\"2020-03-12T10:08:37+00:00\",\"dateModified\":\"2022-01-27T03:43:06+00:00\",\"description\":\"Beginnen Sie jeden Tag mit einem ausgewogenen Fr\u00fchst\u00fcck im Speisesaal oder im Wintergarten. Nachmittags genie\u00dfen Sie Kaffee und hausgemachten Apfelstrudel und Topfenstrudel.\",\"breadcrumb\":{\"@id\":\"https:\/\/www.hotel-stefanie.com\/de\/essen\/fruehstueck-abendessen\/#breadcrumb\"},\"inLanguage\":\"de\",\"potentialAction\":[{\"@type\":\"ReadAction\",\"target\":[\"https:\/\/www.hotel-stefanie.com\/de\/essen\/fruehstueck-abendessen\/\"]}]},{\"@type\":\"BreadcrumbList\",\"@id\":\"https:\/\/www.hotel-stefanie.com\/de\/essen\/fruehstueck-abendessen\/#breadcrumb\",\"itemListElement\":[{\"@type\":\"ListItem\",\"position\":1,\"name\":\"Home\",\"item\":\"https:\/\/www.hotel-stefanie.com\/de\/\"},{\"@type\":\"ListItem\",\"position\":2,\"name\":\"Essen\",\"item\":\"https:\/\/www.hotel-stefanie.com\/de\/essen\/\"},{\"@type\":\"ListItem\",\"position\":3,\"name\":\"Fr\u00fchst\u00fcck &#038; Abendessen\"}]},{\"@type\":\"WebSite\",\"@id\":\"https:\/\/www.hotel-stefanie.com\/de\/#website\",\"url\":\"https:\/\/www.hotel-stefanie.com\/de\/\",\"name\":\"Hotel Stefanie\",\"description\":\"Hotel Stefanie\",\"potentialAction\":[{\"@type\":\"SearchAction\",\"target\":{\"@type\":\"EntryPoint\",\"urlTemplate\":\"https:\/\/www.hotel-stefanie.com\/de\/?s={search_term_string}\"},\"query-input\":\"required name=search_term_string\"}],\"inLanguage\":\"de\"}]}<\/script>\n<!-- \/ Yoast SEO plugin. -->","yoast_head_json":{"title":"Hotel in Dorf Tirol mit Halbpension - Fr\u00fchst\u00fcck & Abendessen im Hotel Stefanie","description":"Beginnen Sie jeden Tag mit einem ausgewogenen Fr\u00fchst\u00fcck im Speisesaal oder im Wintergarten. Nachmittags genie\u00dfen Sie Kaffee und hausgemachten Apfelstrudel und Topfenstrudel.","robots":{"index":"index","follow":"follow","max-snippet":"max-snippet:-1","max-image-preview":"max-image-preview:large","max-video-preview":"max-video-preview:-1"},"canonical":"https:\/\/www.hotel-stefanie.com\/de\/essen\/fruehstueck-abendessen\/","og_locale":"de_DE","og_type":"article","og_title":"Hotel in Dorf Tirol mit Halbpension - Fr\u00fchst\u00fcck & Abendessen im Hotel Stefanie","og_description":"Beginnen Sie jeden Tag mit einem ausgewogenen Fr\u00fchst\u00fcck im Speisesaal oder im Wintergarten. Nachmittags genie\u00dfen Sie Kaffee und hausgemachten Apfelstrudel und Topfenstrudel.","og_url":"https:\/\/www.hotel-stefanie.com\/de\/essen\/fruehstueck-abendessen\/","og_site_name":"Hotel Stefanie","article_modified_time":"2022-01-27T03:43:06+00:00","twitter_card":"summary_large_image","schema":{"@context":"https:\/\/schema.org","@graph":[{"@type":"WebPage","@id":"https:\/\/www.hotel-stefanie.com\/de\/essen\/fruehstueck-abendessen\/","url":"https:\/\/www.hotel-stefanie.com\/de\/essen\/fruehstueck-abendessen\/","name":"Hotel in Dorf Tirol mit Halbpension - Fr\u00fchst\u00fcck & Abendessen im Hotel Stefanie","isPartOf":{"@id":"https:\/\/www.hotel-stefanie.com\/de\/#website"},"datePublished":"2020-03-12T10:08:37+00:00","dateModified":"2022-01-27T03:43:06+00:00","description":"Beginnen Sie jeden Tag mit einem ausgewogenen Fr\u00fchst\u00fcck im Speisesaal oder im Wintergarten. Nachmittags genie\u00dfen Sie Kaffee und hausgemachten Apfelstrudel und Topfenstrudel.","breadcrumb":{"@id":"https:\/\/www.hotel-stefanie.com\/de\/essen\/fruehstueck-abendessen\/#breadcrumb"},"inLanguage":"de","potentialAction":[{"@type":"ReadAction","target":["https:\/\/www.hotel-stefanie.com\/de\/essen\/fruehstueck-abendessen\/"]}]},{"@type":"BreadcrumbList","@id":"https:\/\/www.hotel-stefanie.com\/de\/essen\/fruehstueck-abendessen\/#breadcrumb","itemListElement":[{"@type":"ListItem","position":1,"name":"Home","item":"https:\/\/www.hotel-stefanie.com\/de\/"},{"@type":"ListItem","position":2,"name":"Essen","item":"https:\/\/www.hotel-stefanie.com\/de\/essen\/"},{"@type":"ListItem","position":3,"name":"Fr\u00fchst\u00fcck &#038; Abendessen"}]},{"@type":"WebSite","@id":"https:\/\/www.hotel-stefanie.com\/de\/#website","url":"https:\/\/www.hotel-stefanie.com\/de\/","name":"Hotel Stefanie","description":"Hotel Stefanie","potentialAction":[{"@type":"SearchAction","target":{"@type":"EntryPoint","urlTemplate":"https:\/\/www.hotel-stefanie.com\/de\/?s={search_term_string}"},"query-input":"required name=search_term_string"}],"inLanguage":"de"}]}},"_links":{"self":[{"href":"https:\/\/www.hotel-stefanie.com\/de\/wp-json\/wp\/v2\/pages\/24"}],"collection":[{"href":"https:\/\/www.hotel-stefanie.com\/de\/wp-json\/wp\/v2\/pages"}],"about":[{"href":"https:\/\/www.hotel-stefanie.com\/de\/wp-json\/wp\/v2\/types\/page"}],"author":[{"embeddable":true,"href":"https:\/\/www.hotel-stefanie.com\/de\/wp-json\/wp\/v2\/users\/1"}],"replies":[{"embeddable":true,"href":"https:\/\/www.hotel-stefanie.com\/de\/wp-json\/wp\/v2\/comments?post=24"}],"version-history":[{"count":8,"href":"https:\/\/www.hotel-stefanie.com\/de\/wp-json\/wp\/v2\/pages\/24\/revisions"}],"predecessor-version":[{"id":2022,"href":"https:\/\/www.hotel-stefanie.com\/de\/wp-json\/wp\/v2\/pages\/24\/revisions\/2022"}],"up":[{"embeddable":true,"href":"https:\/\/www.hotel-stefanie.com\/de\/wp-json\/wp\/v2\/pages\/8"}],"wp:attachment":[{"href":"https:\/\/www.hotel-stefanie.com\/de\/wp-json\/wp\/v2\/media?parent=24"}],"curies":[{"name":"wp","href":"https:\/\/api.w.org\/{rel}","templated":true}]}}