{"id":23,"date":"2020-03-12T11:08:36","date_gmt":"2020-03-12T10:08:36","guid":{"rendered":"http:\/\/hotelstefanie2020.test\/heimatgenuss\/"},"modified":"2022-08-25T11:06:40","modified_gmt":"2022-08-25T09:06:40","slug":"heimatgenuss-suedtiroler-kueche-dorf-tirol","status":"publish","type":"page","link":"https:\/\/www.hotel-stefanie.com\/de\/essen\/heimatgenuss-suedtiroler-kueche-dorf-tirol\/","title":{"rendered":"Heimatgenuss"},"content":{"rendered":"","protected":false},"excerpt":{"rendered":"","protected":false},"author":1,"featured_media":0,"parent":8,"menu_order":0,"comment_status":"closed","ping_status":"closed","template":"landingpage.php","meta":{"_acf_changed":false,"footnotes":""},"acf":[],"yoast_head":"<!-- This site is optimized with the Yoast SEO plugin v22.6 - https:\/\/yoast.com\/wordpress\/plugins\/seo\/ -->\n<title>Abendessen - Restaurant auf Anfrage - Hotel Stefanie<\/title>\n<meta name=\"description\" content=\"Restaurant nur f\u00fcr G\u00e4ste mit Reservierung. Erleben Sie genussvolle Momente im Hotel Stefanie. Unser K\u00fcchenteam verw\u00f6hnt Sie mit frisch gekochten S\u00fcdtiroler Traditionsgerichten aus regionalen Produkten der Saison.\" \/>\n<meta name=\"robots\" content=\"index, follow, max-snippet:-1, max-image-preview:large, max-video-preview:-1\" \/>\n<link rel=\"canonical\" href=\"https:\/\/www.hotel-stefanie.com\/de\/essen\/heimatgenuss-suedtiroler-kueche-dorf-tirol\/\" \/>\n<meta property=\"og:locale\" content=\"de_DE\" \/>\n<meta property=\"og:type\" content=\"article\" \/>\n<meta property=\"og:title\" content=\"Abendessen - Restaurant auf Anfrage - Hotel Stefanie\" \/>\n<meta property=\"og:description\" content=\"Restaurant nur f\u00fcr G\u00e4ste mit Reservierung. Erleben Sie genussvolle Momente im Hotel Stefanie. Unser K\u00fcchenteam verw\u00f6hnt Sie mit frisch gekochten S\u00fcdtiroler Traditionsgerichten aus regionalen Produkten der Saison.\" \/>\n<meta property=\"og:url\" content=\"https:\/\/www.hotel-stefanie.com\/de\/essen\/heimatgenuss-suedtiroler-kueche-dorf-tirol\/\" \/>\n<meta property=\"og:site_name\" content=\"Hotel Stefanie\" \/>\n<meta property=\"article:modified_time\" content=\"2022-08-25T09:06:40+00:00\" \/>\n<meta name=\"twitter:card\" content=\"summary_large_image\" \/>\n<script type=\"application\/ld+json\" class=\"yoast-schema-graph\">{\"@context\":\"https:\/\/schema.org\",\"@graph\":[{\"@type\":\"WebPage\",\"@id\":\"https:\/\/www.hotel-stefanie.com\/de\/essen\/heimatgenuss-suedtiroler-kueche-dorf-tirol\/\",\"url\":\"https:\/\/www.hotel-stefanie.com\/de\/essen\/heimatgenuss-suedtiroler-kueche-dorf-tirol\/\",\"name\":\"Abendessen - Restaurant auf Anfrage - Hotel Stefanie\",\"isPartOf\":{\"@id\":\"https:\/\/www.hotel-stefanie.com\/de\/#website\"},\"datePublished\":\"2020-03-12T10:08:36+00:00\",\"dateModified\":\"2022-08-25T09:06:40+00:00\",\"description\":\"Restaurant nur f\u00fcr G\u00e4ste mit Reservierung. Erleben Sie genussvolle Momente im Hotel Stefanie. Unser K\u00fcchenteam verw\u00f6hnt Sie mit frisch gekochten S\u00fcdtiroler Traditionsgerichten aus regionalen Produkten der Saison.\",\"breadcrumb\":{\"@id\":\"https:\/\/www.hotel-stefanie.com\/de\/essen\/heimatgenuss-suedtiroler-kueche-dorf-tirol\/#breadcrumb\"},\"inLanguage\":\"de\",\"potentialAction\":[{\"@type\":\"ReadAction\",\"target\":[\"https:\/\/www.hotel-stefanie.com\/de\/essen\/heimatgenuss-suedtiroler-kueche-dorf-tirol\/\"]}]},{\"@type\":\"BreadcrumbList\",\"@id\":\"https:\/\/www.hotel-stefanie.com\/de\/essen\/heimatgenuss-suedtiroler-kueche-dorf-tirol\/#breadcrumb\",\"itemListElement\":[{\"@type\":\"ListItem\",\"position\":1,\"name\":\"Home\",\"item\":\"https:\/\/www.hotel-stefanie.com\/de\/\"},{\"@type\":\"ListItem\",\"position\":2,\"name\":\"Essen\",\"item\":\"https:\/\/www.hotel-stefanie.com\/de\/essen\/\"},{\"@type\":\"ListItem\",\"position\":3,\"name\":\"Heimatgenuss\"}]},{\"@type\":\"WebSite\",\"@id\":\"https:\/\/www.hotel-stefanie.com\/de\/#website\",\"url\":\"https:\/\/www.hotel-stefanie.com\/de\/\",\"name\":\"Hotel Stefanie\",\"description\":\"Hotel Stefanie\",\"potentialAction\":[{\"@type\":\"SearchAction\",\"target\":{\"@type\":\"EntryPoint\",\"urlTemplate\":\"https:\/\/www.hotel-stefanie.com\/de\/?s={search_term_string}\"},\"query-input\":\"required name=search_term_string\"}],\"inLanguage\":\"de\"}]}<\/script>\n<!-- \/ Yoast SEO plugin. -->","yoast_head_json":{"title":"Abendessen - Restaurant auf Anfrage - Hotel Stefanie","description":"Restaurant nur f\u00fcr G\u00e4ste mit Reservierung. Erleben Sie genussvolle Momente im Hotel Stefanie. Unser K\u00fcchenteam verw\u00f6hnt Sie mit frisch gekochten S\u00fcdtiroler Traditionsgerichten aus regionalen Produkten der Saison.","robots":{"index":"index","follow":"follow","max-snippet":"max-snippet:-1","max-image-preview":"max-image-preview:large","max-video-preview":"max-video-preview:-1"},"canonical":"https:\/\/www.hotel-stefanie.com\/de\/essen\/heimatgenuss-suedtiroler-kueche-dorf-tirol\/","og_locale":"de_DE","og_type":"article","og_title":"Abendessen - Restaurant auf Anfrage - Hotel Stefanie","og_description":"Restaurant nur f\u00fcr G\u00e4ste mit Reservierung. Erleben Sie genussvolle Momente im Hotel Stefanie. Unser K\u00fcchenteam verw\u00f6hnt Sie mit frisch gekochten S\u00fcdtiroler Traditionsgerichten aus regionalen Produkten der Saison.","og_url":"https:\/\/www.hotel-stefanie.com\/de\/essen\/heimatgenuss-suedtiroler-kueche-dorf-tirol\/","og_site_name":"Hotel Stefanie","article_modified_time":"2022-08-25T09:06:40+00:00","twitter_card":"summary_large_image","schema":{"@context":"https:\/\/schema.org","@graph":[{"@type":"WebPage","@id":"https:\/\/www.hotel-stefanie.com\/de\/essen\/heimatgenuss-suedtiroler-kueche-dorf-tirol\/","url":"https:\/\/www.hotel-stefanie.com\/de\/essen\/heimatgenuss-suedtiroler-kueche-dorf-tirol\/","name":"Abendessen - Restaurant auf Anfrage - Hotel Stefanie","isPartOf":{"@id":"https:\/\/www.hotel-stefanie.com\/de\/#website"},"datePublished":"2020-03-12T10:08:36+00:00","dateModified":"2022-08-25T09:06:40+00:00","description":"Restaurant nur f\u00fcr G\u00e4ste mit Reservierung. Erleben Sie genussvolle Momente im Hotel Stefanie. Unser K\u00fcchenteam verw\u00f6hnt Sie mit frisch gekochten S\u00fcdtiroler Traditionsgerichten aus regionalen Produkten der Saison.","breadcrumb":{"@id":"https:\/\/www.hotel-stefanie.com\/de\/essen\/heimatgenuss-suedtiroler-kueche-dorf-tirol\/#breadcrumb"},"inLanguage":"de","potentialAction":[{"@type":"ReadAction","target":["https:\/\/www.hotel-stefanie.com\/de\/essen\/heimatgenuss-suedtiroler-kueche-dorf-tirol\/"]}]},{"@type":"BreadcrumbList","@id":"https:\/\/www.hotel-stefanie.com\/de\/essen\/heimatgenuss-suedtiroler-kueche-dorf-tirol\/#breadcrumb","itemListElement":[{"@type":"ListItem","position":1,"name":"Home","item":"https:\/\/www.hotel-stefanie.com\/de\/"},{"@type":"ListItem","position":2,"name":"Essen","item":"https:\/\/www.hotel-stefanie.com\/de\/essen\/"},{"@type":"ListItem","position":3,"name":"Heimatgenuss"}]},{"@type":"WebSite","@id":"https:\/\/www.hotel-stefanie.com\/de\/#website","url":"https:\/\/www.hotel-stefanie.com\/de\/","name":"Hotel Stefanie","description":"Hotel Stefanie","potentialAction":[{"@type":"SearchAction","target":{"@type":"EntryPoint","urlTemplate":"https:\/\/www.hotel-stefanie.com\/de\/?s={search_term_string}"},"query-input":"required name=search_term_string"}],"inLanguage":"de"}]}},"_links":{"self":[{"href":"https:\/\/www.hotel-stefanie.com\/de\/wp-json\/wp\/v2\/pages\/23"}],"collection":[{"href":"https:\/\/www.hotel-stefanie.com\/de\/wp-json\/wp\/v2\/pages"}],"about":[{"href":"https:\/\/www.hotel-stefanie.com\/de\/wp-json\/wp\/v2\/types\/page"}],"author":[{"embeddable":true,"href":"https:\/\/www.hotel-stefanie.com\/de\/wp-json\/wp\/v2\/users\/1"}],"replies":[{"embeddable":true,"href":"https:\/\/www.hotel-stefanie.com\/de\/wp-json\/wp\/v2\/comments?post=23"}],"version-history":[{"count":9,"href":"https:\/\/www.hotel-stefanie.com\/de\/wp-json\/wp\/v2\/pages\/23\/revisions"}],"predecessor-version":[{"id":2632,"href":"https:\/\/www.hotel-stefanie.com\/de\/wp-json\/wp\/v2\/pages\/23\/revisions\/2632"}],"up":[{"embeddable":true,"href":"https:\/\/www.hotel-stefanie.com\/de\/wp-json\/wp\/v2\/pages\/8"}],"wp:attachment":[{"href":"https:\/\/www.hotel-stefanie.com\/de\/wp-json\/wp\/v2\/media?parent=23"}],"curies":[{"name":"wp","href":"https:\/\/api.w.org\/{rel}","templated":true}]}}